{"id":126,"date":"2019-05-25T17:20:37","date_gmt":"2019-05-25T15:20:37","guid":{"rendered":"https:\/\/troula-animacion.com\/?page_id=126"},"modified":"2020-11-23T21:01:25","modified_gmt":"2020-11-23T20:01:25","slug":"aviso-legal","status":"publish","type":"page","link":"https:\/\/troula-animacion.com\/es\/aviso-legal\/","title":{"rendered":"Aviso Legal"},"content":{"rendered":"<div data-elementor-type=\"wp-page\" data-elementor-id=\"126\" class=\"elementor elementor-126\" data-elementor-post-type=\"page\">\n\t\t\t\t\t\t<section class=\"elementor-section elementor-top-section elementor-element elementor-element-2d7102eb elementor-section-boxed elementor-section-height-default elementor-section-height-default\" data-id=\"2d7102eb\" data-element_type=\"section\" data-e-type=\"section\">\n\t\t\t\t\t\t<div class=\"elementor-container elementor-column-gap-default\">\n\t\t\t\t\t<div class=\"elementor-column elementor-col-100 elementor-top-column elementor-element elementor-element-74d99f95\" data-id=\"74d99f95\" data-element_type=\"column\" data-e-type=\"column\">\n\t\t\t<div class=\"elementor-widget-wrap elementor-element-populated\">\n\t\t\t\t\t\t<div class=\"elementor-element elementor-element-648dc1e7 elementor-widget elementor-widget-text-editor\" data-id=\"648dc1e7\" data-element_type=\"widget\" data-e-type=\"widget\" data-widget_type=\"text-editor.default\">\n\t\t\t\t<div class=\"elementor-widget-container\">\n\t\t\t\t\t\t\t\t\t<div><p><span style=\"font-size: 16px;\">Datos del Responsable<\/span><\/p><div><pre>\u2022 Identidad del Responsable:\u00a0Laura de Gabriel Alberti\n\u2022 Nombre comercial:\u00a0Troula\n\u2022 NIF\/CIF:B36940690\n\u2022 Direcci\u00f3n:\u00a0Calle Enrique Alonso Xalueiro n\u00ba 8 portal 2, 2\u00aaE, Urbanizaci\u00f3n Aires ( Sardoma- Castrelos )\n\u2022 Correo electr\u00f3nico:\u00a0troula@troula-animacion.com\n\u2022 Tel\u00e9fono: 630 668 725<br \/>\u2022 Datos de inscripci\u00f3n en el registro mercantil: Tomo: 2996 - Libro: 2996 - Folio: 214 - Secci\u00f3n: 8 - Hoja: PO 35617 I\/A 3<\/pre><p>En este espacio, el usuario, podr\u00e1 encontrar toda la informaci\u00f3n relativa a los t\u00e9rminos y condiciones legales que definen las relaciones entre los usuarios y yo como responsable de esta web. Como usuario, es importante que conozcas estos t\u00e9rminos antes de continuar tu navegaci\u00f3n.<br \/>Laura de Gabriel Alberti como responsable de esta web, asumo el compromiso de procesar la informaci\u00f3n de mis usuarios y clientes con plenas garant\u00edas y cumplir con los<br \/>requisitos nacionales y europeos que regulan la recopilaci\u00f3n y uso de los datos personales de mis usuarios.<br \/>Esta web, por tanto, cumple rigurosamente con La Ley Org\u00e1nica 15\/1999, de 13 de diciembre, de Protecci\u00f3n de Datos de Car\u00e1cter Personal (LOPD), y con el Real Decreto 1720\/2007, de 21 de diciembre, conocido como el Reglamento de desarrollo de la LOPD. Cumple tambi\u00e9n con el Reglamento (UE) 2016\/679 del Parlamento Europeo y del Consejo de 27 de abril de 2016 relativo a la protecci\u00f3n de las personas f\u00edsicas (RGPD), as\u00ed como con la Ley 34\/2002, de 11 de julio, de Servicios de la Sociedad de la Informaci\u00f3n y Comercio Electr\u00f3nico (LSSICE \u00f3 LSSI).<\/p><h2>Condiciones generales de uso<\/h2><p>Las presentes Condiciones Generales regulan el uso (incluyendo el mero acceso) de las p\u00e1ginas de web, integrantes del sitio web de Troula incluidos los contenidos y servicios puestos a disposici\u00f3n en ellas.<br \/>Toda persona que acceda a la web, https:\/\/troula-animacion.com (\u201cusuario\u201d) acepta someterse a las Condiciones Generales vigentes en cada momento del portal https:\/\/troula-animacion.com.<\/p><h2>Datos personales que recabo y c\u00f3mo lo hago<\/h2><p>Leer\u00a0<a href=\"\/es\/politica-privacidad\/\">Pol\u00edtica de Privacidad<\/a>.<\/p><h2>Compromisos y obligaciones de los usuarios<\/h2><p>El usuario queda informado, y acepta, que el acceso a la presente web no supone, en modo alguno, el inicio de una relaci\u00f3n comercial con Troula. De esta forma, el usuario se compromete a utilizar el sitio web, sus servicios y contenidos sin contravenir la legislaci\u00f3n vigente, la buena fe y el orden p\u00fablico.<br \/>Queda prohibido el uso de la web, con fines il\u00edcitos o lesivos, o que, de cualquier forma, puedan causar perjuicio o impedir el normal funcionamiento del sitio web. Respecto de<br \/>los contenidos de esta web, se proh\u00edbe:<br \/>\u2022 Su reproducci\u00f3n, distribuci\u00f3n o modificaci\u00f3n, total o parcial, a menos que se cuente con mi autorizaci\u00f3n como leg\u00edtimo titular;<br \/>\u2022 Cualquier vulneraci\u00f3n de los derechos del prestador o de mi como leg\u00edtimo titular;<br \/>\u2022 Su utilizaci\u00f3n para fines comerciales o publicitarios.<\/p><p>En la utilizaci\u00f3n de la web, https:\/\/troula-animacion.com el usuario se compromete a no llevar a cabo ninguna conducta que pudiera da\u00f1ar la imagen, los intereses y los derechos de Troula o de terceros o que pudiera da\u00f1ar, inutilizar o sobrecargar el portal https:\/\/troula-animacion.com o que impidiera, de cualquier forma, la normal utilizaci\u00f3n de la web.<br \/>No obstante, el usuario debe ser consciente de que las medidas de seguridad de los sistemas inform\u00e1ticos en Internet no son enteramente fiables y que, por tanto https:\/\/troula-animacion.com no puede garantizar la inexistencia de malware u otros elementos que puedan producir alteraciones en los sistemas inform\u00e1ticos (software y hardware) del usuario o en sus documentos electr\u00f3nicos y ficheros contenidos en los mismos aunque pongo todos los medios necesarios y las medidas de seguridad oportunas para evitar la presencia de estos elementos da\u00f1inos.<\/p><h2>Medidas de seguridad<\/h2><p>Los datos personales comunicados por el usuario a Troula pueden ser almacenados en bases de datos automatizadas o no, cuya titularidad corresponde en exclusiva a Laura de Gabriel Alberti, asumiendo \u00e9sta todas las medidas de \u00edndole t\u00e9cnica, organizativa y de seguridad que garantizan la confidencialidad, integridad y calidad de la informaci\u00f3n contenida en las mismas de acuerdo con lo establecido en la normativa vigente en protecci\u00f3n de datos.<br \/>La comunicaci\u00f3n entre los usuarios y https:\/\/troula-animacion.com utiliza un canal seguro, y los datos transmitidos son cifrados gracias a protocolos a https, por tanto, garantizo las mejores condiciones de seguridad para que la confidencialidad de los usuarios est\u00e9 garantizada.<\/p><h2>Plataforma de resoluci\u00f3n de conflictos<\/h2><p>Pongo tambi\u00e9n a disposici\u00f3n de los usuarios la plataforma de resoluci\u00f3n de litigios que facilita la Comisi\u00f3n Europea y que se encuentra disponible en el siguiente enlace: http:\/\/ec.europa.eu\/consumers\/odr\/<\/p><h2>Derechos de propiedad intelectual e industrial<\/h2><p>En virtud de lo dispuesto en los art\u00edculos 8 y 32.1, p\u00e1rrafo segundo, de la Ley de Propiedad Intelectual, quedan expresamente prohibidas la reproducci\u00f3n, la distribuci\u00f3n y la comunicaci\u00f3n p\u00fablica, incluida su modalidad de puesta a disposici\u00f3n, de la totalidad o parte de los contenidos de esta p\u00e1gina web, con fines comerciales, en cualquier soporte y por cualquier medio t\u00e9cnico, sin la autorizaci\u00f3n de https:\/\/troula-animacion.com . El usuario se compromete a respetar los derechos de Propiedad Intelectual e Industrial titularidad de https:\/\/troula-animacion.com .<br \/>El usuario conoce y acepta que la totalidad del sitio web, conteniendo sin car\u00e1cter exhaustivo el texto, software, contenidos (incluyendo estructura, selecci\u00f3n, ordenaci\u00f3n y presentaci\u00f3n de los mismos) podcast, fotograf\u00edas, material audiovisual y gr\u00e1ficos, est\u00e1 protegida por marcas, derechos de autor y otros derechos leg\u00edtimos, de acuerdo con los tratados internacionales en los que Espa\u00f1a es parte y otros derechos de propiedad y leyes de Espa\u00f1a.<br \/>En el caso de que un usuario o un tercero consideren que se ha producido una violaci\u00f3n de sus leg\u00edtimos derechos de propiedad intelectual por la introducci\u00f3n de un determinado contenido en la web, deber\u00e1 notificar dicha circunstancia a https:\/\/troula-animacion.com indicando:<br \/>Datos personales del interesado titular de los derechos presuntamente infringidos, o indicar la representaci\u00f3n con la que act\u00faa en caso de que la reclamaci\u00f3n la presente un tercero distinto del interesado.<br \/>Se\u00f1alar los contenidos protegidos por los derechos de propiedad intelectual y su ubicaci\u00f3n en la web, la acreditaci\u00f3n de los derechos de propiedad intelectual se\u00f1alados y declaraci\u00f3n expresa en la que el interesado se responsabiliza de la veracidad de las informaciones facilitadas en la notificaci\u00f3n.<\/p><h2>Enlaces externos<\/h2><p>Las p\u00e1ginas de la web https:\/\/troula-animacion.com proporciona enlaces a otros sitios web propios y contenidos que son propiedad de terceros tales como:<br \/>\u2022 Herramientas<br \/>\u2022 Recursos<br \/>\u2022 Contenido de otros blogs<br \/>\u2022 Enlaces de afiliados<br \/>\u2022 Pol\u00edtica de comentarios<br \/>En mi web se permiten realizar comentarios para enriquecer los contenidos y realizar consultas.<br \/>No se admitir\u00e1n comentarios que no est\u00e9n relacionados con la tem\u00e1tica de esta web, que incluyan difamaciones, agravios, insultos, ataques personales o faltas de respeto en general hacia el autor o hacia otros miembros. Estos comentarios ser\u00e1n suprimidos por los administradores de la web.<br \/>Tambi\u00e9n ser\u00e1n suprimidos los comentarios que contengan informaci\u00f3n que sea obviamente enga\u00f1osa o falsa, as\u00ed como los comentarios que contengan informaci\u00f3n personal, como, por ejemplo, domicilios privado o tel\u00e9fonos y que vulneren nuestra pol\u00edtica de protecci\u00f3n de datos.<br \/>Se desestimar\u00e1, igualmente, aquellos comentarios creados s\u00f3lo con fines promocionales de una web, persona o colectivo y todo lo que pueda ser considerado spam en general.<br \/>No se permiten comentarios an\u00f3nimos, as\u00ed como aquellos realizados por una misma persona con distintos apodos. No se considerar\u00e1n tampoco aquellos comentarios que intenten forzar un debate o una toma de postura por otro usuario.<\/p><h2>Exclusi\u00f3n de garant\u00edas y responsable<\/h2><p>Laura de Gabriel Alberti(Troula) no otorga ninguna garant\u00eda ni se hace responsable, en ning\u00fan caso, de los da\u00f1os y perjuicios de cualquier naturaleza que pudieran traer causa de:<br \/>\u2022 La falta de disponibilidad, mantenimiento y efectivo funcionamiento de la web, o de sus servicios y contenidos;<br \/>\u2022 La existencia de malware, programas maliciosos o lesivos en los contenidos;<br \/>\u2022 El uso il\u00edcito, negligente, fraudulento o contrario a este Aviso Legal;<br \/>\u2022 La falta de licitud, calidad, fiabilidad, utilidad y disponibilidad de los servicios prestados por terceros y puestos a disposici\u00f3n de los usuarios en el sitio web.<br \/>\u2022 El prestador no se hace responsable bajo ning\u00fan concepto de los da\u00f1os que pudieran dimanar del uso ilegal o indebido de la presente p\u00e1gina web.<\/p><h2>Ley aplicable y jurisdicci\u00f3n<\/h2><p>Con car\u00e1cter general las relaciones entre Troula con los usuarios de sus servicios telem\u00e1ticos, presentes en esta web se encuentran sometidas a la legislaci\u00f3n y jurisdicci\u00f3n espa\u00f1olas y a los tribunales de Vigo.<\/p><h2>Contacto<\/h2><p>En caso de que cualquier usuario tuviese alguna duda acerca de estas Condiciones legales o cualquier comentario sobre el portal https:\/\/troula-animacion.com, por favor dir\u00edjase a troula@troula-animacion.com.<\/p><\/div><p><!-- end of .post-entry --><\/p><div>\u00a0<\/div><\/div>\t\t\t\t\t\t\t\t<\/div>\n\t\t\t\t<\/div>\n\t\t\t\t\t<\/div>\n\t\t<\/div>\n\t\t\t\t\t<\/div>\n\t\t<\/section>\n\t\t\t\t<\/div>","protected":false},"excerpt":{"rendered":"<p>Datos del Responsable \u2022 Identidad del Responsable:\u00a0Laura de Gabriel Alberti \u2022 Nombre comercial:\u00a0Troula \u2022 NIF\/CIF:B36940690 \u2022 Direcci\u00f3n:\u00a0Calle Enrique Alonso Xalueiro n\u00ba 8 portal 2, 2\u00aaE, Urbanizaci\u00f3n Aires ( Sardoma- Castrelos ) \u2022 Correo electr\u00f3nico:\u00a0troula@troula-animacion.com \u2022 Tel\u00e9fono: 630 668 725\u2022 Datos de inscripci\u00f3n en el registro mercantil: Tomo: 2996 &#8211; Libro: 2996 &#8211; Folio: 214 &#8211; [&hellip;]<\/p>\n","protected":false},"author":1,"featured_media":0,"parent":0,"menu_order":0,"comment_status":"closed","ping_status":"closed","template":"","meta":{"ocean_post_layout":"full-width","ocean_both_sidebars_style":"","ocean_both_sidebars_content_width":0,"ocean_both_sidebars_sidebars_width":0,"ocean_sidebar":"0","ocean_second_sidebar":"0","ocean_disable_margins":"enable","ocean_add_body_class":"","ocean_shortcode_before_top_bar":"","ocean_shortcode_after_top_bar":"","ocean_shortcode_before_header":"","ocean_shortcode_after_header":"","ocean_has_shortcode":"","ocean_shortcode_after_title":"","ocean_shortcode_before_footer_widgets":"","ocean_shortcode_after_footer_widgets":"","ocean_shortcode_before_footer_bottom":"","ocean_shortcode_after_footer_bottom":"","ocean_display_top_bar":"default","ocean_display_header":"default","ocean_header_style":"","ocean_center_header_left_menu":"0","ocean_custom_header_template":"0","ocean_custom_logo":0,"ocean_custom_retina_logo":0,"ocean_custom_logo_max_width":0,"ocean_custom_logo_tablet_max_width":0,"ocean_custom_logo_mobile_max_width":0,"ocean_custom_logo_max_height":0,"ocean_custom_logo_tablet_max_height":0,"ocean_custom_logo_mobile_max_height":0,"ocean_header_custom_menu":"0","ocean_menu_typo_font_family":"0","ocean_menu_typo_font_subset":"","ocean_menu_typo_font_size":0,"ocean_menu_typo_font_size_tablet":0,"ocean_menu_typo_font_size_mobile":0,"ocean_menu_typo_font_size_unit":"px","ocean_menu_typo_font_weight":"","ocean_menu_typo_font_weight_tablet":"","ocean_menu_typo_font_weight_mobile":"","ocean_menu_typo_transform":"","ocean_menu_typo_transform_tablet":"","ocean_menu_typo_transform_mobile":"","ocean_menu_typo_line_height":0,"ocean_menu_typo_line_height_tablet":0,"ocean_menu_typo_line_height_mobile":0,"ocean_menu_typo_line_height_unit":"","ocean_menu_typo_spacing":0,"ocean_menu_typo_spacing_tablet":0,"ocean_menu_typo_spacing_mobile":0,"ocean_menu_typo_spacing_unit":"","ocean_menu_link_color":"","ocean_menu_link_color_hover":"","ocean_menu_link_color_active":"","ocean_menu_link_background":"","ocean_menu_link_hover_background":"","ocean_menu_link_active_background":"","ocean_menu_social_links_bg":"","ocean_menu_social_hover_links_bg":"","ocean_menu_social_links_color":"","ocean_menu_social_hover_links_color":"","ocean_disable_title":"default","ocean_disable_heading":"default","ocean_post_title":"","ocean_post_subheading":"","ocean_post_title_style":"centered","ocean_post_title_background_color":"","ocean_post_title_background":0,"ocean_post_title_bg_image_position":"","ocean_post_title_bg_image_attachment":"","ocean_post_title_bg_image_repeat":"","ocean_post_title_bg_image_size":"","ocean_post_title_height":0,"ocean_post_title_bg_overlay":0.5,"ocean_post_title_bg_overlay_color":"","ocean_disable_breadcrumbs":"default","ocean_breadcrumbs_color":"","ocean_breadcrumbs_separator_color":"","ocean_breadcrumbs_links_color":"","ocean_breadcrumbs_links_hover_color":"","ocean_display_footer_widgets":"default","ocean_display_footer_bottom":"default","ocean_custom_footer_template":"0","osh_disable_topbar_sticky":"default","osh_disable_header_sticky":"default","osh_sticky_header_style":"default","osh_sticky_header_effect":"","osh_custom_sticky_logo":0,"osh_custom_retina_sticky_logo":0,"osh_custom_sticky_logo_height":0,"osh_background_color":"","osh_links_color":"","osh_links_hover_color":"","osh_links_active_color":"","osh_links_bg_color":"","osh_links_hover_bg_color":"","osh_links_active_bg_color":"","osh_menu_social_links_color":"","osh_menu_social_hover_links_color":"","footnotes":""},"class_list":["post-126","page","type-page","status-publish","hentry","entry"],"yoast_head":"<!-- This site is optimized with the Yoast SEO plugin v27.4 - https:\/\/yoast.com\/product\/yoast-seo-wordpress\/ -->\n<title>Aviso Legal - Animacion y espectaculos de calle<\/title>\n<meta name=\"robots\" content=\"index, follow, max-snippet:-1, max-image-preview:large, max-video-preview:-1\" \/>\n<link rel=\"canonical\" href=\"https:\/\/troula-animacion.com\/es\/aviso-legal\/\" \/>\n<meta property=\"og:locale\" content=\"es_ES\" \/>\n<meta property=\"og:type\" content=\"article\" \/>\n<meta property=\"og:title\" content=\"Aviso Legal - Animacion y espectaculos de calle\" \/>\n<meta property=\"og:description\" content=\"Datos del Responsable \u2022 Identidad del Responsable:\u00a0Laura de Gabriel Alberti \u2022 Nombre comercial:\u00a0Troula \u2022 NIF\/CIF:B36940690 \u2022 Direcci\u00f3n:\u00a0Calle Enrique Alonso Xalueiro n\u00ba 8 portal 2, 2\u00aaE, Urbanizaci\u00f3n Aires ( Sardoma- Castrelos ) \u2022 Correo electr\u00f3nico:\u00a0troula@troula-animacion.com \u2022 Tel\u00e9fono: 630 668 725\u2022 Datos de inscripci\u00f3n en el registro mercantil: Tomo: 2996 - Libro: 2996 - Folio: 214 - [&hellip;]\" \/>\n<meta property=\"og:url\" content=\"https:\/\/troula-animacion.com\/es\/aviso-legal\/\" \/>\n<meta property=\"og:site_name\" content=\"Animacion y espectaculos de calle\" \/>\n<meta property=\"article:modified_time\" content=\"2020-11-23T20:01:25+00:00\" \/>\n<meta name=\"twitter:card\" content=\"summary_large_image\" \/>\n<meta name=\"twitter:label1\" content=\"Tiempo de lectura\" \/>\n\t<meta name=\"twitter:data1\" content=\"7 minutos\" \/>\n<script type=\"application\/ld+json\" class=\"yoast-schema-graph\">{\"@context\":\"https:\\\/\\\/schema.org\",\"@graph\":[{\"@type\":\"WebPage\",\"@id\":\"https:\\\/\\\/troula-animacion.com\\\/aviso-legal\\\/\",\"url\":\"https:\\\/\\\/troula-animacion.com\\\/aviso-legal\\\/\",\"name\":\"Aviso Legal - Animacion y espectaculos de calle\",\"isPartOf\":{\"@id\":\"https:\\\/\\\/troula-animacion.com\\\/#website\"},\"datePublished\":\"2019-05-25T15:20:37+00:00\",\"dateModified\":\"2020-11-23T20:01:25+00:00\",\"breadcrumb\":{\"@id\":\"https:\\\/\\\/troula-animacion.com\\\/aviso-legal\\\/#breadcrumb\"},\"inLanguage\":\"es\",\"potentialAction\":[{\"@type\":\"ReadAction\",\"target\":[\"https:\\\/\\\/troula-animacion.com\\\/aviso-legal\\\/\"]}]},{\"@type\":\"BreadcrumbList\",\"@id\":\"https:\\\/\\\/troula-animacion.com\\\/aviso-legal\\\/#breadcrumb\",\"itemListElement\":[{\"@type\":\"ListItem\",\"position\":1,\"name\":\"Home\",\"item\":\"https:\\\/\\\/troula-animacion.com\\\/\"},{\"@type\":\"ListItem\",\"position\":2,\"name\":\"Aviso Legal\"}]},{\"@type\":\"WebSite\",\"@id\":\"https:\\\/\\\/troula-animacion.com\\\/#website\",\"url\":\"https:\\\/\\\/troula-animacion.com\\\/\",\"name\":\"Animacion y espectaculos de calle\",\"description\":\"Troula, Troula vigo, Troula galicia, troula animaci\u00f3n, animaci\u00f3n y espect\u00e1culos, animaciones infantiles, pasacalles\",\"potentialAction\":[{\"@type\":\"SearchAction\",\"target\":{\"@type\":\"EntryPoint\",\"urlTemplate\":\"https:\\\/\\\/troula-animacion.com\\\/?s={search_term_string}\"},\"query-input\":{\"@type\":\"PropertyValueSpecification\",\"valueRequired\":true,\"valueName\":\"search_term_string\"}}],\"inLanguage\":\"es\"}]}<\/script>\n<!-- \/ Yoast SEO plugin. -->","yoast_head_json":{"title":"Aviso Legal - Animacion y espectaculos de calle","robots":{"index":"index","follow":"follow","max-snippet":"max-snippet:-1","max-image-preview":"max-image-preview:large","max-video-preview":"max-video-preview:-1"},"canonical":"https:\/\/troula-animacion.com\/es\/aviso-legal\/","og_locale":"es_ES","og_type":"article","og_title":"Aviso Legal - Animacion y espectaculos de calle","og_description":"Datos del Responsable \u2022 Identidad del Responsable:\u00a0Laura de Gabriel Alberti \u2022 Nombre comercial:\u00a0Troula \u2022 NIF\/CIF:B36940690 \u2022 Direcci\u00f3n:\u00a0Calle Enrique Alonso Xalueiro n\u00ba 8 portal 2, 2\u00aaE, Urbanizaci\u00f3n Aires ( Sardoma- Castrelos ) \u2022 Correo electr\u00f3nico:\u00a0troula@troula-animacion.com \u2022 Tel\u00e9fono: 630 668 725\u2022 Datos de inscripci\u00f3n en el registro mercantil: Tomo: 2996 - Libro: 2996 - Folio: 214 - [&hellip;]","og_url":"https:\/\/troula-animacion.com\/es\/aviso-legal\/","og_site_name":"Animacion y espectaculos de calle","article_modified_time":"2020-11-23T20:01:25+00:00","twitter_card":"summary_large_image","twitter_misc":{"Tiempo de lectura":"7 minutos"},"schema":{"@context":"https:\/\/schema.org","@graph":[{"@type":"WebPage","@id":"https:\/\/troula-animacion.com\/aviso-legal\/","url":"https:\/\/troula-animacion.com\/aviso-legal\/","name":"Aviso Legal - Animacion y espectaculos de calle","isPartOf":{"@id":"https:\/\/troula-animacion.com\/#website"},"datePublished":"2019-05-25T15:20:37+00:00","dateModified":"2020-11-23T20:01:25+00:00","breadcrumb":{"@id":"https:\/\/troula-animacion.com\/aviso-legal\/#breadcrumb"},"inLanguage":"es","potentialAction":[{"@type":"ReadAction","target":["https:\/\/troula-animacion.com\/aviso-legal\/"]}]},{"@type":"BreadcrumbList","@id":"https:\/\/troula-animacion.com\/aviso-legal\/#breadcrumb","itemListElement":[{"@type":"ListItem","position":1,"name":"Home","item":"https:\/\/troula-animacion.com\/"},{"@type":"ListItem","position":2,"name":"Aviso Legal"}]},{"@type":"WebSite","@id":"https:\/\/troula-animacion.com\/#website","url":"https:\/\/troula-animacion.com\/","name":"Animacion y espectaculos de calle","description":"Troula, Troula vigo, Troula galicia, troula animaci\u00f3n, animaci\u00f3n y espect\u00e1culos, animaciones infantiles, pasacalles","potentialAction":[{"@type":"SearchAction","target":{"@type":"EntryPoint","urlTemplate":"https:\/\/troula-animacion.com\/?s={search_term_string}"},"query-input":{"@type":"PropertyValueSpecification","valueRequired":true,"valueName":"search_term_string"}}],"inLanguage":"es"}]}},"_links":{"self":[{"href":"https:\/\/troula-animacion.com\/es\/wp-json\/wp\/v2\/pages\/126","targetHints":{"allow":["GET"]}}],"collection":[{"href":"https:\/\/troula-animacion.com\/es\/wp-json\/wp\/v2\/pages"}],"about":[{"href":"https:\/\/troula-animacion.com\/es\/wp-json\/wp\/v2\/types\/page"}],"author":[{"embeddable":true,"href":"https:\/\/troula-animacion.com\/es\/wp-json\/wp\/v2\/users\/1"}],"replies":[{"embeddable":true,"href":"https:\/\/troula-animacion.com\/es\/wp-json\/wp\/v2\/comments?post=126"}],"version-history":[{"count":0,"href":"https:\/\/troula-animacion.com\/es\/wp-json\/wp\/v2\/pages\/126\/revisions"}],"wp:attachment":[{"href":"https:\/\/troula-animacion.com\/es\/wp-json\/wp\/v2\/media?parent=126"}],"curies":[{"name":"wp","href":"https:\/\/api.w.org\/{rel}","templated":true}]}}