{"id":2903,"date":"2024-06-13T14:02:10","date_gmt":"2024-06-13T12:02:10","guid":{"rendered":"https:\/\/troula-animacion.com\/?page_id=2903"},"modified":"2025-07-15T13:22:24","modified_gmt":"2025-07-15T11:22:24","slug":"programa-itineranta","status":"publish","type":"page","link":"https:\/\/troula-animacion.com\/es\/programa-itineranta\/","title":{"rendered":"Programa Itineranta"},"content":{"rendered":"<div data-elementor-type=\"wp-page\" data-elementor-id=\"2903\" class=\"elementor elementor-2903\" data-elementor-post-type=\"page\">\n\t\t\t\t\t\t<section class=\"elementor-section elementor-top-section elementor-element elementor-element-a90e0a5 elementor-section-boxed elementor-section-height-default elementor-section-height-default\" data-id=\"a90e0a5\" data-element_type=\"section\" data-e-type=\"section\">\n\t\t\t\t\t\t<div class=\"elementor-container elementor-column-gap-default\">\n\t\t\t\t\t<div class=\"elementor-column elementor-col-100 elementor-top-column elementor-element elementor-element-d4fc890\" data-id=\"d4fc890\" data-element_type=\"column\" data-e-type=\"column\">\n\t\t\t<div class=\"elementor-widget-wrap elementor-element-populated\">\n\t\t\t\t\t\t<div class=\"elementor-element elementor-element-3ace9c8 elementor-widget elementor-widget-image\" data-id=\"3ace9c8\" data-element_type=\"widget\" data-e-type=\"widget\" data-widget_type=\"image.default\">\n\t\t\t\t<div class=\"elementor-widget-container\">\n\t\t\t\t\t\t\t\t\t\t\t\t\t\t\t<img fetchpriority=\"high\" decoding=\"async\" width=\"1024\" height=\"248\" src=\"https:\/\/troula-animacion.com\/wp-content\/uploads\/2024\/06\/itineranta-transparente.webp\" class=\"attachment-large size-large wp-image-2904\" alt=\"Troula | Itineranta Transparente\" srcset=\"https:\/\/troula-animacion.com\/wp-content\/uploads\/2024\/06\/itineranta-transparente.webp 1024w, https:\/\/troula-animacion.com\/wp-content\/uploads\/2024\/06\/itineranta-transparente-300x73.webp 300w, https:\/\/troula-animacion.com\/wp-content\/uploads\/2024\/06\/itineranta-transparente-768x186.webp 768w, https:\/\/troula-animacion.com\/wp-content\/uploads\/2024\/06\/itineranta-transparente-18x4.webp 18w\" sizes=\"(max-width: 1024px) 100vw, 1024px\" \/>\t\t\t\t\t\t\t\t\t\t\t\t\t\t\t<\/div>\n\t\t\t\t<\/div>\n\t\t\t\t\t<\/div>\n\t\t<\/div>\n\t\t\t\t\t<\/div>\n\t\t<\/section>\n\t\t\t\t<section class=\"elementor-section elementor-top-section elementor-element elementor-element-0b364a4 elementor-section-stretched elementor-section-height-min-height elementor-section-boxed elementor-section-height-default elementor-section-items-middle\" data-id=\"0b364a4\" data-element_type=\"section\" data-e-type=\"section\" data-settings=\"{&quot;stretch_section&quot;:&quot;section-stretched&quot;,&quot;background_background&quot;:&quot;classic&quot;}\">\n\t\t\t\t\t\t<div class=\"elementor-container elementor-column-gap-wide\">\n\t\t\t\t\t<div class=\"elementor-column elementor-col-100 elementor-top-column elementor-element elementor-element-47ff895\" data-id=\"47ff895\" data-element_type=\"column\" data-e-type=\"column\">\n\t\t\t<div class=\"elementor-widget-wrap elementor-element-populated\">\n\t\t\t\t\t\t<div class=\"elementor-element elementor-element-bbe9f8d elementor-widget elementor-widget-heading\" data-id=\"bbe9f8d\" data-element_type=\"widget\" data-e-type=\"widget\" data-widget_type=\"heading.default\">\n\t\t\t\t<div class=\"elementor-widget-container\">\n\t\t\t\t\t<h2 class=\"elementor-heading-title elementor-size-default\">Programa Itineranta<\/h2>\t\t\t\t<\/div>\n\t\t\t\t<\/div>\n\t\t\t\t<div class=\"elementor-element elementor-element-8a8efe4 elementor-align-center elementor-widget elementor-widget-button\" data-id=\"8a8efe4\" data-element_type=\"widget\" data-e-type=\"widget\" data-widget_type=\"button.default\">\n\t\t\t\t<div class=\"elementor-widget-container\">\n\t\t\t\t\t\t\t\t\t<div class=\"elementor-button-wrapper\">\n\t\t\t\t\t<a class=\"elementor-button elementor-button-link elementor-size-md\" href=\"https:\/\/troula-animacion.com\/wp-content\/uploads\/2025\/07\/Libro-Itineranta-2025-Plan-B-Nomadesh-2-.pdf\" target=\"_blank\">\n\t\t\t\t\t\t<span class=\"elementor-button-content-wrapper\">\n\t\t\t\t\t\t\t\t\t<span class=\"elementor-button-text\">Ver Programa Itineranta<\/span>\n\t\t\t\t\t<\/span>\n\t\t\t\t\t<\/a>\n\t\t\t\t<\/div>\n\t\t\t\t\t\t\t\t<\/div>\n\t\t\t\t<\/div>\n\t\t\t\t<div class=\"elementor-element elementor-element-85165b3 elementor-blockquote--skin-quotation elementor-widget elementor-widget-blockquote\" data-id=\"85165b3\" data-element_type=\"widget\" data-e-type=\"widget\" data-widget_type=\"blockquote.default\">\n\t\t\t\t<div class=\"elementor-widget-container\">\n\t\t\t\t\t\t\t<blockquote class=\"elementor-blockquote\">\n\t\t\t<p class=\"elementor-blockquote__content\">\n\t\t\t\tEl Festival Itineranta es un festival dedicado a los espect\u00e1culos de calle, con actuaciones de compa\u00f1\u00edas de diferentes pa\u00edses que iluminaron las calles de Pontevedra con espect\u00e1culos de luz y sonido\n<br>\nSe queres m\u00e1is informaci\u00f3n do noso programa pincha no bot\u00f3n.\t\t\t<\/p>\n\t\t\t\t\t<\/blockquote>\n\t\t\t\t\t\t<\/div>\n\t\t\t\t<\/div>\n\t\t\t\t\t<\/div>\n\t\t<\/div>\n\t\t\t\t\t<\/div>\n\t\t<\/section>\n\t\t\t\t<\/div>","protected":false},"excerpt":{"rendered":"<p>Programa Itineranta Ver Programa Itineranta O Festival Itineranta \u00e9 un festival dedicado \u00f3s espect\u00e1culos de r\u00faa, con actuaci\u00f3ns de compa\u00f1\u00edas de diferentes pa\u00edses que iluminaron as r\u00faas de Pontevedra con espect\u00e1culos de luz e son. Se queres m\u00e1is informaci\u00f3n do noso programa pincha no bot\u00f3n.<\/p>","protected":false},"author":3,"featured_media":2904,"parent":0,"menu_order":0,"comment_status":"closed","ping_status":"closed","template":"elementor_header_footer","meta":{"ocean_post_layout":"","ocean_both_sidebars_style":"","ocean_both_sidebars_content_width":0,"ocean_both_sidebars_sidebars_width":0,"ocean_sidebar":"0","ocean_second_sidebar":"0","ocean_disable_margins":"enable","ocean_add_body_class":"","ocean_shortcode_before_top_bar":"","ocean_shortcode_after_top_bar":"","ocean_shortcode_before_header":"","ocean_shortcode_after_header":"","ocean_has_shortcode":"","ocean_shortcode_after_title":"","ocean_shortcode_before_footer_widgets":"","ocean_shortcode_after_footer_widgets":"","ocean_shortcode_before_footer_bottom":"","ocean_shortcode_after_footer_bottom":"","ocean_display_top_bar":"default","ocean_display_header":"default","ocean_header_style":"","ocean_center_header_left_menu":"0","ocean_custom_header_template":"0","ocean_custom_logo":0,"ocean_custom_retina_logo":0,"ocean_custom_logo_max_width":0,"ocean_custom_logo_tablet_max_width":0,"ocean_custom_logo_mobile_max_width":0,"ocean_custom_logo_max_height":0,"ocean_custom_logo_tablet_max_height":0,"ocean_custom_logo_mobile_max_height":0,"ocean_header_custom_menu":"0","ocean_menu_typo_font_family":"0","ocean_menu_typo_font_subset":"","ocean_menu_typo_font_size":0,"ocean_menu_typo_font_size_tablet":0,"ocean_menu_typo_font_size_mobile":0,"ocean_menu_typo_font_size_unit":"px","ocean_menu_typo_font_weight":"","ocean_menu_typo_font_weight_tablet":"","ocean_menu_typo_font_weight_mobile":"","ocean_menu_typo_transform":"","ocean_menu_typo_transform_tablet":"","ocean_menu_typo_transform_mobile":"","ocean_menu_typo_line_height":0,"ocean_menu_typo_line_height_tablet":0,"ocean_menu_typo_line_height_mobile":0,"ocean_menu_typo_line_height_unit":"","ocean_menu_typo_spacing":0,"ocean_menu_typo_spacing_tablet":0,"ocean_menu_typo_spacing_mobile":0,"ocean_menu_typo_spacing_unit":"","ocean_menu_link_color":"","ocean_menu_link_color_hover":"","ocean_menu_link_color_active":"","ocean_menu_link_background":"","ocean_menu_link_hover_background":"","ocean_menu_link_active_background":"","ocean_menu_social_links_bg":"","ocean_menu_social_hover_links_bg":"","ocean_menu_social_links_color":"","ocean_menu_social_hover_links_color":"","ocean_disable_title":"default","ocean_disable_heading":"default","ocean_post_title":"","ocean_post_subheading":"","ocean_post_title_style":"","ocean_post_title_background_color":"","ocean_post_title_background":0,"ocean_post_title_bg_image_position":"","ocean_post_title_bg_image_attachment":"","ocean_post_title_bg_image_repeat":"","ocean_post_title_bg_image_size":"","ocean_post_title_height":0,"ocean_post_title_bg_overlay":0.5,"ocean_post_title_bg_overlay_color":"","ocean_disable_breadcrumbs":"default","ocean_breadcrumbs_color":"","ocean_breadcrumbs_separator_color":"","ocean_breadcrumbs_links_color":"","ocean_breadcrumbs_links_hover_color":"","ocean_display_footer_widgets":"default","ocean_display_footer_bottom":"default","ocean_custom_footer_template":"0","osh_disable_topbar_sticky":"default","osh_disable_header_sticky":"default","osh_sticky_header_style":"default","osh_sticky_header_effect":"","osh_custom_sticky_logo":0,"osh_custom_retina_sticky_logo":0,"osh_custom_sticky_logo_height":0,"osh_background_color":"","osh_links_color":"","osh_links_hover_color":"","osh_links_active_color":"","osh_links_bg_color":"","osh_links_hover_bg_color":"","osh_links_active_bg_color":"","osh_menu_social_links_color":"","osh_menu_social_hover_links_color":"","footnotes":""},"class_list":["post-2903","page","type-page","status-publish","has-post-thumbnail","hentry","entry","has-media"],"yoast_head":"<!-- This site is optimized with the Yoast SEO plugin v27.1.1 - https:\/\/yoast.com\/product\/yoast-seo-wordpress\/ -->\n<title>Programa Itineranta - Animacion y espectaculos de calle<\/title>\n<meta name=\"robots\" content=\"index, follow, max-snippet:-1, max-image-preview:large, max-video-preview:-1\" \/>\n<link rel=\"canonical\" href=\"https:\/\/troula-animacion.com\/es\/programa-itineranta\/\" \/>\n<meta property=\"og:locale\" content=\"es_ES\" \/>\n<meta property=\"og:type\" content=\"article\" \/>\n<meta property=\"og:title\" content=\"Programa Itineranta - Animacion y espectaculos de calle\" \/>\n<meta property=\"og:description\" content=\"Programa Itineranta Ver Programa Itineranta O Festival Itineranta \u00e9 un festival dedicado \u00f3s espect\u00e1culos de r\u00faa, con actuaci\u00f3ns de compa\u00f1\u00edas de diferentes pa\u00edses que iluminaron as r\u00faas de Pontevedra con espect\u00e1culos de luz e son. Se queres m\u00e1is informaci\u00f3n do noso programa pincha no bot\u00f3n.\" \/>\n<meta property=\"og:url\" content=\"https:\/\/troula-animacion.com\/es\/programa-itineranta\/\" \/>\n<meta property=\"og:site_name\" content=\"Animacion y espectaculos de calle\" \/>\n<meta property=\"article:modified_time\" content=\"2025-07-15T11:22:24+00:00\" \/>\n<meta property=\"og:image\" content=\"https:\/\/troula-animacion.com\/wp-content\/uploads\/2024\/06\/itineranta-transparente.webp\" \/>\n\t<meta property=\"og:image:width\" content=\"1024\" \/>\n\t<meta property=\"og:image:height\" content=\"248\" \/>\n\t<meta property=\"og:image:type\" content=\"image\/webp\" \/>\n<meta name=\"twitter:card\" content=\"summary_large_image\" \/>\n<meta name=\"twitter:label1\" content=\"Tiempo de lectura\" \/>\n\t<meta name=\"twitter:data1\" content=\"1 minuto\" \/>\n<script type=\"application\/ld+json\" class=\"yoast-schema-graph\">{\"@context\":\"https:\/\/schema.org\",\"@graph\":[{\"@type\":\"WebPage\",\"@id\":\"https:\/\/troula-animacion.com\/programa-itineranta\/\",\"url\":\"https:\/\/troula-animacion.com\/programa-itineranta\/\",\"name\":\"Programa Itineranta - Animacion y espectaculos de calle\",\"isPartOf\":{\"@id\":\"https:\/\/troula-animacion.com\/#website\"},\"primaryImageOfPage\":{\"@id\":\"https:\/\/troula-animacion.com\/programa-itineranta\/#primaryimage\"},\"image\":{\"@id\":\"https:\/\/troula-animacion.com\/programa-itineranta\/#primaryimage\"},\"thumbnailUrl\":\"https:\/\/troula-animacion.com\/wp-content\/uploads\/2024\/06\/itineranta-transparente.webp\",\"datePublished\":\"2024-06-13T12:02:10+00:00\",\"dateModified\":\"2025-07-15T11:22:24+00:00\",\"breadcrumb\":{\"@id\":\"https:\/\/troula-animacion.com\/programa-itineranta\/#breadcrumb\"},\"inLanguage\":\"es\",\"potentialAction\":[{\"@type\":\"ReadAction\",\"target\":[\"https:\/\/troula-animacion.com\/programa-itineranta\/\"]}]},{\"@type\":\"ImageObject\",\"inLanguage\":\"es\",\"@id\":\"https:\/\/troula-animacion.com\/programa-itineranta\/#primaryimage\",\"url\":\"https:\/\/troula-animacion.com\/wp-content\/uploads\/2024\/06\/itineranta-transparente.webp\",\"contentUrl\":\"https:\/\/troula-animacion.com\/wp-content\/uploads\/2024\/06\/itineranta-transparente.webp\",\"width\":1024,\"height\":248,\"caption\":\"Itineranta Transparente\"},{\"@type\":\"BreadcrumbList\",\"@id\":\"https:\/\/troula-animacion.com\/programa-itineranta\/#breadcrumb\",\"itemListElement\":[{\"@type\":\"ListItem\",\"position\":1,\"name\":\"Home\",\"item\":\"https:\/\/troula-animacion.com\/\"},{\"@type\":\"ListItem\",\"position\":2,\"name\":\"Programa Itineranta\"}]},{\"@type\":\"WebSite\",\"@id\":\"https:\/\/troula-animacion.com\/#website\",\"url\":\"https:\/\/troula-animacion.com\/\",\"name\":\"Animacion y espectaculos de calle\",\"description\":\"Troula, Troula vigo, Troula galicia, troula animaci\u00f3n, animaci\u00f3n y espect\u00e1culos, animaciones infantiles, pasacalles\",\"potentialAction\":[{\"@type\":\"SearchAction\",\"target\":{\"@type\":\"EntryPoint\",\"urlTemplate\":\"https:\/\/troula-animacion.com\/?s={search_term_string}\"},\"query-input\":{\"@type\":\"PropertyValueSpecification\",\"valueRequired\":true,\"valueName\":\"search_term_string\"}}],\"inLanguage\":\"es\"}]}<\/script>\n<!-- \/ Yoast SEO plugin. -->","yoast_head_json":{"title":"Programa Itineranta - Animacion y espectaculos de calle","robots":{"index":"index","follow":"follow","max-snippet":"max-snippet:-1","max-image-preview":"max-image-preview:large","max-video-preview":"max-video-preview:-1"},"canonical":"https:\/\/troula-animacion.com\/es\/programa-itineranta\/","og_locale":"es_ES","og_type":"article","og_title":"Programa Itineranta - Animacion y espectaculos de calle","og_description":"Programa Itineranta Ver Programa Itineranta O Festival Itineranta \u00e9 un festival dedicado \u00f3s espect\u00e1culos de r\u00faa, con actuaci\u00f3ns de compa\u00f1\u00edas de diferentes pa\u00edses que iluminaron as r\u00faas de Pontevedra con espect\u00e1culos de luz e son. Se queres m\u00e1is informaci\u00f3n do noso programa pincha no bot\u00f3n.","og_url":"https:\/\/troula-animacion.com\/es\/programa-itineranta\/","og_site_name":"Animacion y espectaculos de calle","article_modified_time":"2025-07-15T11:22:24+00:00","og_image":[{"width":1024,"height":248,"url":"https:\/\/troula-animacion.com\/wp-content\/uploads\/2024\/06\/itineranta-transparente.webp","type":"image\/webp"}],"twitter_card":"summary_large_image","twitter_misc":{"Tiempo de lectura":"1 minuto"},"schema":{"@context":"https:\/\/schema.org","@graph":[{"@type":"WebPage","@id":"https:\/\/troula-animacion.com\/programa-itineranta\/","url":"https:\/\/troula-animacion.com\/programa-itineranta\/","name":"Programa Itineranta - Animacion y espectaculos de calle","isPartOf":{"@id":"https:\/\/troula-animacion.com\/#website"},"primaryImageOfPage":{"@id":"https:\/\/troula-animacion.com\/programa-itineranta\/#primaryimage"},"image":{"@id":"https:\/\/troula-animacion.com\/programa-itineranta\/#primaryimage"},"thumbnailUrl":"https:\/\/troula-animacion.com\/wp-content\/uploads\/2024\/06\/itineranta-transparente.webp","datePublished":"2024-06-13T12:02:10+00:00","dateModified":"2025-07-15T11:22:24+00:00","breadcrumb":{"@id":"https:\/\/troula-animacion.com\/programa-itineranta\/#breadcrumb"},"inLanguage":"es","potentialAction":[{"@type":"ReadAction","target":["https:\/\/troula-animacion.com\/programa-itineranta\/"]}]},{"@type":"ImageObject","inLanguage":"es","@id":"https:\/\/troula-animacion.com\/programa-itineranta\/#primaryimage","url":"https:\/\/troula-animacion.com\/wp-content\/uploads\/2024\/06\/itineranta-transparente.webp","contentUrl":"https:\/\/troula-animacion.com\/wp-content\/uploads\/2024\/06\/itineranta-transparente.webp","width":1024,"height":248,"caption":"Itineranta Transparente"},{"@type":"BreadcrumbList","@id":"https:\/\/troula-animacion.com\/programa-itineranta\/#breadcrumb","itemListElement":[{"@type":"ListItem","position":1,"name":"Home","item":"https:\/\/troula-animacion.com\/"},{"@type":"ListItem","position":2,"name":"Programa Itineranta"}]},{"@type":"WebSite","@id":"https:\/\/troula-animacion.com\/#website","url":"https:\/\/troula-animacion.com\/","name":"Animacion y espectaculos de calle","description":"Troula, Troula vigo, Troula galicia, troula animaci\u00f3n, animaci\u00f3n y espect\u00e1culos, animaciones infantiles, pasacalles","potentialAction":[{"@type":"SearchAction","target":{"@type":"EntryPoint","urlTemplate":"https:\/\/troula-animacion.com\/?s={search_term_string}"},"query-input":{"@type":"PropertyValueSpecification","valueRequired":true,"valueName":"search_term_string"}}],"inLanguage":"es"}]}},"_links":{"self":[{"href":"https:\/\/troula-animacion.com\/es\/wp-json\/wp\/v2\/pages\/2903","targetHints":{"allow":["GET"]}}],"collection":[{"href":"https:\/\/troula-animacion.com\/es\/wp-json\/wp\/v2\/pages"}],"about":[{"href":"https:\/\/troula-animacion.com\/es\/wp-json\/wp\/v2\/types\/page"}],"author":[{"embeddable":true,"href":"https:\/\/troula-animacion.com\/es\/wp-json\/wp\/v2\/users\/3"}],"replies":[{"embeddable":true,"href":"https:\/\/troula-animacion.com\/es\/wp-json\/wp\/v2\/comments?post=2903"}],"version-history":[{"count":0,"href":"https:\/\/troula-animacion.com\/es\/wp-json\/wp\/v2\/pages\/2903\/revisions"}],"wp:featuredmedia":[{"embeddable":true,"href":"https:\/\/troula-animacion.com\/es\/wp-json\/wp\/v2\/media\/2904"}],"wp:attachment":[{"href":"https:\/\/troula-animacion.com\/es\/wp-json\/wp\/v2\/media?parent=2903"}],"curies":[{"name":"wp","href":"https:\/\/api.w.org\/{rel}","templated":true}]}}